{"id":70,"date":"2021-01-08T01:32:53","date_gmt":"2021-01-08T01:32:53","guid":{"rendered":"http:\/\/galvangomez.com.ar\/web\/?page_id=70"},"modified":"2022-05-01T19:50:02","modified_gmt":"2022-05-01T19:50:02","slug":"principal","status":"publish","type":"page","link":"http:\/\/galvangomez.com.ar\/web\/","title":{"rendered":"Guille Galv\u00e1n"},"content":{"rendered":"\n<div class=\"wp-block-cover alignfull is-light has-custom-content-position is-position-top-center\" style=\"min-height:430px;aspect-ratio:unset;\"><span aria-hidden=\"true\" class=\"has-background-dim-0 wp-block-cover__gradient-background has-background-dim\"><\/span><img fetchpriority=\"high\" decoding=\"async\" width=\"1920\" height=\"894\" class=\"wp-block-cover__image-background wp-image-148\" alt=\"Guille Galv\u00e1n G\u00f3mez. Desarrollo web \/ Dise\u00f1o gr\u00e1fico \/ WordPress \/ Fotograf\u00eda\" src=\"http:\/\/galvangomez.com.ar\/web\/wp-content\/uploads\/2022\/04\/Portada-01-copia.jpg\" style=\"object-position:50% 42%\" data-object-fit=\"cover\" data-object-position=\"50% 42%\" srcset=\"http:\/\/galvangomez.com.ar\/web\/wp-content\/uploads\/2022\/04\/Portada-01-copia.jpg 1920w, http:\/\/galvangomez.com.ar\/web\/wp-content\/uploads\/2022\/04\/Portada-01-copia-300x140.jpg 300w, http:\/\/galvangomez.com.ar\/web\/wp-content\/uploads\/2022\/04\/Portada-01-copia-1024x477.jpg 1024w, http:\/\/galvangomez.com.ar\/web\/wp-content\/uploads\/2022\/04\/Portada-01-copia-768x358.jpg 768w, http:\/\/galvangomez.com.ar\/web\/wp-content\/uploads\/2022\/04\/Portada-01-copia-1536x715.jpg 1536w\" sizes=\"(max-width: 1920px) 100vw, 1920px\" \/><div class=\"wp-block-cover__inner-container is-layout-flow wp-block-cover-is-layout-flow\">\n<div class=\"wp-block-columns is-layout-flex wp-container-core-columns-is-layout-28f84493 wp-block-columns-is-layout-flex\">\n<div class=\"wp-block-column is-vertically-aligned-center is-layout-flow wp-block-column-is-layout-flow\">\n<p> <\/p>\n<\/div>\n<\/div>\n<\/div><\/div>\n\n\n\n<figure class=\"wp-block-pullquote\"><blockquote><p>Dise\u00f1o sitios web y branding, para comercios y empresas, en Argentina y Espa\u00f1a<\/p><cite>Desde hace m\u00e1s de 20 a\u00f1os realizando dise\u00f1o para pantallas, impresos y soportes paragr\u00e1ficos<\/cite><\/blockquote><\/figure>\n\n\n\n<div class=\"wp-block-jetpack-tiled-gallery aligncenter is-style-columns\"><div class=\"tiled-gallery__gallery\"><div class=\"tiled-gallery__row\"><div class=\"tiled-gallery__col\" style=\"flex-basis:-Infinity%\"><figure class=\"tiled-gallery__item\"><img decoding=\"async\" srcset=\"https:\/\/i1.wp.com\/galvangomez.com.ar\/web\/wp-content\/uploads\/2022\/04\/Amoblar-05-copia.jpg?strip=info&#038;w=600 600w,https:\/\/i1.wp.com\/galvangomez.com.ar\/web\/wp-content\/uploads\/2022\/04\/Amoblar-05-copia.jpg?strip=info&#038;w=666 666w\" alt=\"Cat\u00e1logo de muebles Delba\" data-height=\"750\" data-id=\"139\" data-link=\"http:\/\/galvangomez.com.ar\/web\/principal\/amoblar-05-copia\/\" data-url=\"http:\/\/galvangomez.com.ar\/web\/wp-content\/uploads\/2022\/04\/Amoblar-05-copia.jpg\" data-width=\"666\" src=\"https:\/\/i1.wp.com\/galvangomez.com.ar\/web\/wp-content\/uploads\/2022\/04\/Amoblar-05-copia.jpg\" data-amp-layout=\"responsive\"\/><\/figure><figure class=\"tiled-gallery__item\"><img decoding=\"async\" srcset=\"https:\/\/i2.wp.com\/galvangomez.com.ar\/web\/wp-content\/uploads\/2022\/04\/ntbk-02.2-624x1024.jpg?strip=info&#038;w=600 600w,https:\/\/i2.wp.com\/galvangomez.com.ar\/web\/wp-content\/uploads\/2022\/04\/ntbk-02.2-624x1024.jpg?strip=info&#038;w=779 779w\" alt=\"\" data-height=\"1278\" data-id=\"144\" data-link=\"http:\/\/galvangomez.com.ar\/web\/principal\/ntbk-02-2\/\" data-url=\"http:\/\/galvangomez.com.ar\/web\/wp-content\/uploads\/2022\/04\/ntbk-02.2-624x1024.jpg\" data-width=\"779\" src=\"https:\/\/i2.wp.com\/galvangomez.com.ar\/web\/wp-content\/uploads\/2022\/04\/ntbk-02.2-624x1024.jpg\" data-amp-layout=\"responsive\"\/><\/figure><\/div><div class=\"tiled-gallery__col\" style=\"flex-basis:-Infinity%\"><figure class=\"tiled-gallery__item\"><img decoding=\"async\" srcset=\"https:\/\/i1.wp.com\/galvangomez.com.ar\/web\/wp-content\/uploads\/2022\/04\/moviles-copia-812x1024.jpeg?strip=info&#038;w=600 600w,https:\/\/i1.wp.com\/galvangomez.com.ar\/web\/wp-content\/uploads\/2022\/04\/moviles-copia-812x1024.jpeg?strip=info&#038;w=856 856w\" alt=\"\" data-height=\"1080\" data-id=\"140\" data-link=\"http:\/\/galvangomez.com.ar\/web\/principal\/moviles-copia-2\/\" data-url=\"http:\/\/galvangomez.com.ar\/web\/wp-content\/uploads\/2022\/04\/moviles-copia-812x1024.jpeg\" data-width=\"856\" src=\"https:\/\/i1.wp.com\/galvangomez.com.ar\/web\/wp-content\/uploads\/2022\/04\/moviles-copia-812x1024.jpeg\" data-amp-layout=\"responsive\"\/><\/figure><figure class=\"tiled-gallery__item\"><img decoding=\"async\" srcset=\"https:\/\/i1.wp.com\/galvangomez.com.ar\/web\/wp-content\/uploads\/2022\/04\/Vertical-02-576x1024.jpg?strip=info&#038;w=600 600w,https:\/\/i1.wp.com\/galvangomez.com.ar\/web\/wp-content\/uploads\/2022\/04\/Vertical-02-576x1024.jpg?strip=info&#038;w=900 900w,https:\/\/i1.wp.com\/galvangomez.com.ar\/web\/wp-content\/uploads\/2022\/04\/Vertical-02-576x1024.jpg?strip=info&#038;w=1200 1200w,https:\/\/i1.wp.com\/galvangomez.com.ar\/web\/wp-content\/uploads\/2022\/04\/Vertical-02-576x1024.jpg?strip=info&#038;w=1242 1242w\" alt=\"Branding - Imperial en Navidad\" data-height=\"2208\" data-id=\"138\" data-link=\"http:\/\/galvangomez.com.ar\/web\/principal\/vertical-02\/\" data-url=\"http:\/\/galvangomez.com.ar\/web\/wp-content\/uploads\/2022\/04\/Vertical-02-576x1024.jpg\" data-width=\"1242\" src=\"https:\/\/i1.wp.com\/galvangomez.com.ar\/web\/wp-content\/uploads\/2022\/04\/Vertical-02-576x1024.jpg\" data-amp-layout=\"responsive\"\/><\/figure><figure class=\"tiled-gallery__item\"><img decoding=\"async\" srcset=\"https:\/\/i0.wp.com\/galvangomez.com.ar\/web\/wp-content\/uploads\/2020\/02\/galvangomez_p03-1024x683.jpg?strip=info&#038;w=600 600w,https:\/\/i0.wp.com\/galvangomez.com.ar\/web\/wp-content\/uploads\/2020\/02\/galvangomez_p03-1024x683.jpg?strip=info&#038;w=900 900w,https:\/\/i0.wp.com\/galvangomez.com.ar\/web\/wp-content\/uploads\/2020\/02\/galvangomez_p03-1024x683.jpg?strip=info&#038;w=1080 1080w\" alt=\"Muestra de cat\u00e1logo impreso para f\u00e1brica de muebles\" data-height=\"720\" data-id=\"31\" data-link=\"http:\/\/galvangomez.com.ar\/web\/galvangomez_p03\/\" data-url=\"http:\/\/galvangomez.com.ar\/web\/wp-content\/uploads\/2020\/02\/galvangomez_p03-1024x683.jpg\" data-width=\"1080\" src=\"https:\/\/i0.wp.com\/galvangomez.com.ar\/web\/wp-content\/uploads\/2020\/02\/galvangomez_p03-1024x683.jpg\" data-amp-layout=\"responsive\"\/><\/figure><\/div><div class=\"tiled-gallery__col\" style=\"flex-basis:NaN%\"><\/div><\/div><\/div><\/div>\n\n\n\n<div class=\"wp-block-group is-layout-flow wp-block-group-is-layout-flow\" style=\"padding-top:20px;padding-right:20px;padding-bottom:20px;padding-left:20px\"><div id=\"metaslider-id-40\" style=\"width: 100%;\" class=\"ml-slider-3-108-0 metaslider metaslider-flex metaslider-40 ml-slider has-dots-nav ms-theme-default\" role=\"region\" aria-label=\"Presentaci\u00f3n 2\" data-height=\"1000\" data-width=\"750\">\n    <div id=\"metaslider_container_40\">\n        <div id=\"metaslider_40\" class=\"flexslider\">\n            <ul class='slides'>\n                <li style=\"display: block; width: 100%;\" class=\"slide-41 ms-image \" aria-roledescription=\"slide\" data-date=\"2020-02-16 18:41:44\" data-filename=\"Amoblar-02-750x1000.jpg\" data-slide-type=\"image\"><img decoding=\"async\" src=\"http:\/\/galvangomez.com.ar\/web\/wp-content\/uploads\/2022\/04\/Amoblar-02-750x1000.jpg\" height=\"1000\" width=\"750\" alt=\"Muestra de cat\u00e1logo impreso para f\u00e1brica de muebles\" class=\"slider-40 slide-41 msDefaultImage\" title=\"Amoblar 02\" \/><div class=\"caption-wrap\"><div class=\"caption\">Muestra de cat\u00e1logo impreso para f\u00e1brica de muebles<\/div><\/div><\/li>\n                <li style=\"display: none; width: 100%;\" class=\"slide-51 ms-image \" aria-roledescription=\"slide\" data-date=\"2020-02-17 20:47:45\" data-filename=\"Amoblar-01-750x1000.jpg\" data-slide-type=\"image\"><img decoding=\"async\" src=\"http:\/\/galvangomez.com.ar\/web\/wp-content\/uploads\/2022\/04\/Amoblar-01-750x1000.jpg\" height=\"1000\" width=\"750\" alt=\"Muestra de cat\u00e1logo impreso para f\u00e1brica de muebles\" class=\"slider-40 slide-51 msDefaultImage\" title=\"Amoblar 01\" \/><div class=\"caption-wrap\"><div class=\"caption\">Muestra de cat\u00e1logo impreso para f\u00e1brica de muebles<\/div><\/div><\/li>\n                <li style=\"display: none; width: 100%;\" class=\"slide-128 ms-image \" aria-roledescription=\"slide\" data-date=\"2022-04-04 02:32:52\" data-filename=\"moviles-copia-750x1000.jpg\" data-slide-type=\"image\"><img loading=\"lazy\" decoding=\"async\" src=\"http:\/\/galvangomez.com.ar\/web\/wp-content\/uploads\/2022\/04\/moviles-copia-750x1000.jpg\" height=\"1000\" width=\"750\" alt=\"Web app. Luis Mar\u00eda Subastas\" class=\"slider-40 slide-128 msDefaultImage\" title=\"Branding. Luis Mar\u00eda\" \/><div class=\"caption-wrap\"><div class=\"caption\">Web app. Luis Mar\u00eda Subastas<\/div><\/div><\/li>\n                <li style=\"display: none; width: 100%;\" class=\"slide-42 ms-image \" aria-roledescription=\"slide\" data-date=\"2020-02-16 18:41:55\" data-filename=\"avicultura-02-750x1000.jpg\" data-slide-type=\"image\"><img loading=\"lazy\" decoding=\"async\" src=\"http:\/\/galvangomez.com.ar\/web\/wp-content\/uploads\/2022\/04\/avicultura-02-750x1000.jpg\" height=\"1000\" width=\"750\" alt=\"Branding. Fiesta Provincial de la Avicultura\" class=\"slider-40 slide-42 msDefaultImage\" title=\"avicultura 02\" \/><div class=\"caption-wrap\"><div class=\"caption\">Branding. Fiesta Provincial de la Avicultura.<\/div><\/div><\/li>\n                <li style=\"display: none; width: 100%;\" class=\"slide-43 ms-image \" aria-roledescription=\"slide\" data-date=\"2020-02-16 18:42:03\" data-filename=\"casandra-750x1000.png\" data-slide-type=\"image\"><img loading=\"lazy\" decoding=\"async\" src=\"http:\/\/galvangomez.com.ar\/web\/wp-content\/uploads\/2022\/04\/casandra-750x1000.png\" height=\"1000\" width=\"750\" alt=\"Branding. Casandra Libros\" class=\"slider-40 slide-43 msDefaultImage\" title=\"casandra\" \/><div class=\"caption-wrap\"><div class=\"caption\">Branding. Casandra Libros<\/div><\/div><\/li>\n                <li style=\"display: none; width: 100%;\" class=\"slide-44 ms-image \" aria-roledescription=\"slide\" data-date=\"2020-02-16 18:42:11\" data-filename=\"Club-Can-750x1000.png\" data-slide-type=\"image\"><img loading=\"lazy\" decoding=\"async\" src=\"http:\/\/galvangomez.com.ar\/web\/wp-content\/uploads\/2022\/04\/Club-Can-750x1000.png\" height=\"1000\" width=\"750\" alt=\"Branding. Club Can - Peluquer\u00eda canina\" class=\"slider-40 slide-44 msDefaultImage\" title=\"Club Can\" \/><div class=\"caption-wrap\"><div class=\"caption\">Branding. Club Can - Peluquer\u00eda canina<\/div><\/div><\/li>\n            <\/ul>\n        <\/div>\n        \n    <\/div>\n<\/div>\n<\/div>\n\n\n\n<p><\/p>\n","protected":false},"excerpt":{"rendered":"<p>Dise\u00f1o sitios web y branding, para comercios y empresas, en Argentina y Espa\u00f1a Desde hace m\u00e1s de 20 a\u00f1os realizando dise\u00f1o para pantallas, impresos y soportes paragr\u00e1ficos<\/p>\n","protected":false},"author":2,"featured_media":0,"parent":0,"menu_order":0,"comment_status":"closed","ping_status":"closed","template":"elementor_header_footer","meta":{"site-sidebar-layout":"default","site-content-layout":"","ast-site-content-layout":"default","site-content-style":"default","site-sidebar-style":"default","ast-global-header-display":"","ast-banner-title-visibility":"","ast-main-header-display":"","ast-hfb-above-header-display":"","ast-hfb-below-header-display":"","ast-hfb-mobile-header-display":"","site-post-title":"","ast-breadcrumbs-content":"","ast-featured-img":"","footer-sml-layout":"","ast-disable-related-posts":"","theme-transparent-header-meta":"","adv-header-id-meta":"","stick-header-meta":"","header-above-stick-meta":"","header-main-stick-meta":"","header-below-stick-meta":"","astra-migrate-meta-layouts":"default","ast-page-background-enabled":"default","ast-page-background-meta":{"desktop":{"background-color":"var(--ast-global-color-4)","background-image":"","background-repeat":"repeat","background-position":"center center","background-size":"auto","background-attachment":"scroll","background-type":"","background-media":"","overlay-type":"","overlay-color":"","overlay-opacity":"","overlay-gradient":""},"tablet":{"background-color":"","background-image":"","background-repeat":"repeat","background-position":"center center","background-size":"auto","background-attachment":"scroll","background-type":"","background-media":"","overlay-type":"","overlay-color":"","overlay-opacity":"","overlay-gradient":""},"mobile":{"background-color":"","background-image":"","background-repeat":"repeat","background-position":"center center","background-size":"auto","background-attachment":"scroll","background-type":"","background-media":"","overlay-type":"","overlay-color":"","overlay-opacity":"","overlay-gradient":""}},"ast-content-background-meta":{"desktop":{"background-color":"var(--ast-global-color-5)","background-image":"","background-repeat":"repeat","background-position":"center center","background-size":"auto","background-attachment":"scroll","background-type":"","background-media":"","overlay-type":"","overlay-color":"","overlay-opacity":"","overlay-gradient":""},"tablet":{"background-color":"var(--ast-global-color-5)","background-image":"","background-repeat":"repeat","background-position":"center center","background-size":"auto","background-attachment":"scroll","background-type":"","background-media":"","overlay-type":"","overlay-color":"","overlay-opacity":"","overlay-gradient":""},"mobile":{"background-color":"var(--ast-global-color-5)","background-image":"","background-repeat":"repeat","background-position":"center center","background-size":"auto","background-attachment":"scroll","background-type":"","background-media":"","overlay-type":"","overlay-color":"","overlay-opacity":"","overlay-gradient":""}},"footnotes":""},"class_list":["post-70","page","type-page","status-publish","hentry"],"jetpack_sharing_enabled":true,"_links":{"self":[{"href":"http:\/\/galvangomez.com.ar\/web\/wp-json\/wp\/v2\/pages\/70","targetHints":{"allow":["GET"]}}],"collection":[{"href":"http:\/\/galvangomez.com.ar\/web\/wp-json\/wp\/v2\/pages"}],"about":[{"href":"http:\/\/galvangomez.com.ar\/web\/wp-json\/wp\/v2\/types\/page"}],"author":[{"embeddable":true,"href":"http:\/\/galvangomez.com.ar\/web\/wp-json\/wp\/v2\/users\/2"}],"replies":[{"embeddable":true,"href":"http:\/\/galvangomez.com.ar\/web\/wp-json\/wp\/v2\/comments?post=70"}],"version-history":[{"count":42,"href":"http:\/\/galvangomez.com.ar\/web\/wp-json\/wp\/v2\/pages\/70\/revisions"}],"predecessor-version":[{"id":170,"href":"http:\/\/galvangomez.com.ar\/web\/wp-json\/wp\/v2\/pages\/70\/revisions\/170"}],"wp:attachment":[{"href":"http:\/\/galvangomez.com.ar\/web\/wp-json\/wp\/v2\/media?parent=70"}],"curies":[{"name":"wp","href":"https:\/\/api.w.org\/{rel}","templated":true}]}}